{"id":39,"date":"2013-08-10T13:29:12","date_gmt":"2013-08-10T11:29:12","guid":{"rendered":"http:\/\/www.katzenhotel-dohna.de\/?page_id=39"},"modified":"2024-01-04T14:46:58","modified_gmt":"2024-01-04T12:46:58","slug":"impressum","status":"publish","type":"page","link":"http:\/\/www.katzenhotel-dohna.de\/?page_id=39","title":{"rendered":"Impressum"},"content":{"rendered":"<p><span style=\"color: #333333;\">Angaben gem\u00e4\u00df \u00a7 5 TMG:<\/span><br \/>\n<span style=\"color: #333333;\"> \u00a0<\/span><br \/>\n<span style=\"color: #333333;\">Sieglinde Kegel<\/span><br \/>\n<span style=\"color: #333333;\"> Burgstra\u00dfe 69<\/span><br \/>\n<span style=\"color: #333333;\"> 01809 Dohna<\/span><br \/>\n<span style=\"color: #333333;\"> \u00a0<\/span><br \/>\n<span style=\"color: #333333;\"> \u00a0<\/span><br \/>\n<span style=\"color: #333333;\"> <strong>Kontakt:<\/strong><\/span><br \/>\n<span style=\"color: #333333;\"> \u00a0<\/span><br \/>\n<span style=\"color: #333333;\"> E-Mail: info@katzenhotel-dohna.de<\/span><br \/>\n<span style=\"color: #333333;\"> \u00a0<\/span><br \/>\n<span style=\"color: #333333;\"> \u00a0<\/span><br \/>\n<span style=\"color: #333333;\"> <strong>Verantwortlich f\u00fcr den Inhalt nach \u00a7 55 Abs. 2 RStV:<\/strong><\/span><br \/>\n<span style=\"color: #333333;\"> \u00a0<\/span><br \/>\n<span style=\"color: #333333;\">Sieglinde Kegel<\/span><br \/>\n<span style=\"color: #333333;\"> Burgstar\u00dfe 69<\/span><br \/>\n<span style=\"color: #333333;\"> 01809 Dohna<\/span><\/p>\n<p><span style=\"color: #333333;\">\u00a0<\/span><\/p>\n<p><span style=\"color: #333333;\"><strong>Haftungsausschluss:<\/strong><\/span><\/p>\n<p><span style=\"color: #333333;\"><strong>Haftung f\u00fcr Links<\/strong><\/span><\/p>\n<p><span style=\"color: #333333;\">Meine Seite enth\u00e4lt Links zu externen Webseiten Dritter, auf deren Inhalte ich keinen Einfluss habe. Deshalb kann ich f\u00fcr diese fremden Inhalte auch keine Gew\u00e4hr \u00fcbernehmen. F\u00fcr die Inhalte der verlinkten Seiten ist stets der jeweilige Anbieter oder Betreiber der Seiten verantwortlich. Die verlinkten Seiten wurden zum Zeitpunkt der Verlinkung auf m\u00f6gliche Rechtsverst\u00f6\u00dfe \u00fcberpr\u00fcft. Rechtswidrige Inhalte waren zum Zeitpunkt der Verlinkung nicht erkennbar. Eine permanente inhaltliche Kontrolle der verlinkten Seiten ist jedoch ohne konkrete Anhaltspunkte einer Rechtsverletzung nicht zumutbar. Bei Bekanntwerden von Rechtsverletzungen werden wir derartige Links umgehend entfernen.<\/span><\/p>\n<p><span style=\"color: #333333;\">\u00a0<\/span><\/p>\n<p><span style=\"color: #333333;\"><strong>Urheberrecht<\/strong><\/span><\/p>\n<p><span style=\"color: #333333;\">Die durch den Seitenbetreiber erstellten Inhalte und Werke auf diesen Seiten unterliegen dem deutschen Urheberrecht. Die Vervielf\u00e4ltigung, Bearbeitung, Verbreitung und jede Art der Verwertung au\u00dferhalb der Grenzen des Urheberrechtes bed\u00fcrfen der schriftlichen Zustimmung des Autors bzw. Erstellers. Downloads und Kopien dieser Seite sind nur f\u00fcr den privaten, nicht kommerziellen Gebrauch gestattet.<\/span><\/p>\n<p><span style=\"color: #333333;\">\u00a0<\/span><\/p>\n<p><span style=\"color: #333333;\"><strong>Datenschutz<\/strong><\/span><\/p>\n<p><span style=\"color: #333333;\">Soweit auf meiner Seite personenbezogene Daten (beispielsweise Name, Anschrift oder eMail-Adressen) erhoben werden, erfolgt dies, soweit m\u00f6glich, stets auf freiwilliger Basis. Diese Daten werden nicht an Dritte weitergegeben.<\/span><br \/>\n<span style=\"color: #333333;\"> Ich weise darauf hin, dass die Daten\u00fcbertragung im Internet (z.B. bei der Kommunikation per E-Mail) Sicherheitsl\u00fccken aufweisen kann. Ein l\u00fcckenloser Schutz der Daten vor dem Zugriff durch Dritte ist nicht m\u00f6glich.<\/span><br \/>\n<span style=\"color: #333333;\"> Der Nutzung von im Rahmen der Impressumspflicht ver\u00f6ffentlichten Kontaktdaten durch Dritte zur \u00dcbersendung von nicht ausdr\u00fccklich angeforderter Werbung und Informationsmaterialien wird hiermit ausdr\u00fccklich widersprochen. Der Betreiber der Seiten beh\u00e4lt sich ausdr\u00fccklich rechtliche Schritte im Falle der unverlangten Zusendung von Werbeinformationen, etwa durch Spam-Mails, vor.<\/span><\/p>\n","protected":false},"excerpt":{"rendered":"<p>Angaben gem\u00e4\u00df \u00a7 5 TMG: \u00a0 Sieglinde Kegel Burgstra\u00dfe 69 01809 Dohna \u00a0 \u00a0 Kontakt: \u00a0 E-Mail: info@katzenhotel-dohna.de \u00a0 \u00a0 Verantwortlich f\u00fcr den Inhalt nach \u00a7 55 Abs. 2 RStV: \u00a0 Sieglinde Kegel Burgstar\u00dfe 69 01809 Dohna \u00a0 Haftungsausschluss: Haftung f\u00fcr Links Meine Seite enth\u00e4lt Links zu externen Webseiten Dritter, auf deren Inhalte ich keinen &hellip; <\/p>\n<p class=\"link-more\"><a href=\"http:\/\/www.katzenhotel-dohna.de\/?page_id=39\" class=\"more-link\"><span class=\"screen-reader-text\">\u201eImpressum\u201c<\/span> weiterlesen<\/a><\/p>\n","protected":false},"author":1,"featured_media":0,"parent":0,"menu_order":60,"comment_status":"closed","ping_status":"closed","template":"","meta":{"footnotes":""},"_links":{"self":[{"href":"http:\/\/www.katzenhotel-dohna.de\/index.php?rest_route=\/wp\/v2\/pages\/39"}],"collection":[{"href":"http:\/\/www.katzenhotel-dohna.de\/index.php?rest_route=\/wp\/v2\/pages"}],"about":[{"href":"http:\/\/www.katzenhotel-dohna.de\/index.php?rest_route=\/wp\/v2\/types\/page"}],"author":[{"embeddable":true,"href":"http:\/\/www.katzenhotel-dohna.de\/index.php?rest_route=\/wp\/v2\/users\/1"}],"replies":[{"embeddable":true,"href":"http:\/\/www.katzenhotel-dohna.de\/index.php?rest_route=%2Fwp%2Fv2%2Fcomments&post=39"}],"version-history":[{"count":21,"href":"http:\/\/www.katzenhotel-dohna.de\/index.php?rest_route=\/wp\/v2\/pages\/39\/revisions"}],"predecessor-version":[{"id":224,"href":"http:\/\/www.katzenhotel-dohna.de\/index.php?rest_route=\/wp\/v2\/pages\/39\/revisions\/224"}],"wp:attachment":[{"href":"http:\/\/www.katzenhotel-dohna.de\/index.php?rest_route=%2Fwp%2Fv2%2Fmedia&parent=39"}],"curies":[{"name":"wp","href":"https:\/\/api.w.org\/{rel}","templated":true}]}}