{"id":33,"date":"2013-08-10T13:28:02","date_gmt":"2013-08-10T11:28:02","guid":{"rendered":"http:\/\/www.katzenhotel-dohna.de\/?page_id=33"},"modified":"2017-10-05T12:20:15","modified_gmt":"2017-10-05T10:20:15","slug":"unsere-agbs","status":"publish","type":"page","link":"http:\/\/www.katzenhotel-dohna.de\/?page_id=33","title":{"rendered":"Unsere AGBs"},"content":{"rendered":"<h4><span style=\"color: #333333;\">Damit sich all unsere G\u00e4ste wohlf\u00fchlen k\u00f6nnen, m\u00fcssen einige Regeln eingehalten werden.<\/span><\/h4>\n<p><span style=\"color: #333333;\">Dazu geh\u00f6rt:<\/span><\/p>\n<p><span style=\"color: #333333;\">Kater k\u00f6nnen nur kastriert aufgenommen werden.<\/span><\/p>\n<p><span style=\"color: #333333;\">Alle Katzen sollten einen Impfschutz vorweisen k\u00f6nnen, der nicht \u00e4lter als ein Jahr ist. Dazu wird der Impfausweis eingesehen und f\u00fcr die Dauer des Aufenthalts bei uns vor Ort verwahrt.<\/span><\/p>\n<p><span style=\"color: #333333;\">Bitte nehmen Sie eine Woche vor Abgabe in unser Katzenhotel eine Wurm- und Flohbehandlung an der Katze vor. Die Tiere m\u00fcssen frei von Fl\u00f6hen und anderen Ungeziefern sein.<\/span><\/p>\n<p><span style=\"color: #333333;\">Sollte es dennoch passieren, dass eine Katze mit Fl\u00f6hen abgegeben wird ist diese unverz\u00fcglich wieder anzuholen. Die Reinigung und Desinfektion der R\u00e4ume wird dem Besitzer in Rechnung gestellt.<\/span><\/p>\n<p><span style=\"color: #333333;\">Sollten schon bekannte Erkrankungen vorliegen, m\u00fcssen diese mit uns besprochen werden.\u00a0 Eventuell ben\u00f6tigte Medikamente oder spezielle Nahrung geben Sie bitte mit dem Tier ab.<\/span><\/p>\n<p><span style=\"color: #333333;\">Falls das Tier in der Pension erkrankt, ist der Besitzer damit einverstanden, dass ein Tierarztbesuch durchgef\u00fchrt wird. Die Kosten von 0,40 Euro pro Kilometer werden in Rechnung gestellt und am Tag der Abholung in bar vom Tierbesitzer beglichen.<\/span><\/p>\n<p><span style=\"color: #333333;\">Die Pension \u00fcbernimmt keine Haftung \u00fcber den Verlust oder \u00fcber Sch\u00e4den am Tier, wenn diese nicht auf Vorsatz oder grober Fahrl\u00e4ssigkeit beruhen. Hierzu geh\u00f6ren Krankheit, Wurm- bzw. Ungezieferbefall, Verletzungen und Tod.<\/span><\/p>\n<p><span style=\"color: #333333;\">Der Betrag \u00fcber die Unterbringung ist am Anreisetag in bar zu entrichten. Fallen w\u00e4hrend des Aufenthalts weitere Kosten an, wie z.B. die Fahrt zum Tierarzt, werden diese am Abnreisetag ebenfalls in bar beglichen.<\/span><\/p>\n<p><span style=\"color: #333333;\">Sollte das Tier nicht zum vereinbarten Zeitpunkt abgeholt werden, verpflichten wir uns, dieses noch eine Woche weiter zu versorgen. Danach geht das Tier in das Eigentum der Pension \u00fcber, die sich um eine Weitervermittlung k\u00fcmmert. <\/span><\/p>\n<p><span style=\"color: #333333;\">Wenn Sie mit unseren AGBs einverstanden sind, k\u00f6nnen wir Ihr Tier herzlich willkommen hei\u00dfen.<\/span><\/p>\n<p>&nbsp;<\/p>\n<p>&nbsp;<\/p>\n","protected":false},"excerpt":{"rendered":"<p>Damit sich all unsere G\u00e4ste wohlf\u00fchlen k\u00f6nnen, m\u00fcssen einige Regeln eingehalten werden. Dazu geh\u00f6rt: Kater k\u00f6nnen nur kastriert aufgenommen werden. Alle Katzen sollten einen Impfschutz vorweisen k\u00f6nnen, der nicht \u00e4lter als ein Jahr ist. Dazu wird der Impfausweis eingesehen und f\u00fcr die Dauer des Aufenthalts bei uns vor Ort verwahrt. Bitte nehmen Sie eine Woche &hellip; <\/p>\n<p class=\"link-more\"><a href=\"http:\/\/www.katzenhotel-dohna.de\/?page_id=33\" class=\"more-link\"><span class=\"screen-reader-text\">\u201eUnsere AGBs\u201c<\/span> weiterlesen<\/a><\/p>\n","protected":false},"author":1,"featured_media":0,"parent":0,"menu_order":30,"comment_status":"closed","ping_status":"closed","template":"","meta":{"footnotes":""},"_links":{"self":[{"href":"http:\/\/www.katzenhotel-dohna.de\/index.php?rest_route=\/wp\/v2\/pages\/33"}],"collection":[{"href":"http:\/\/www.katzenhotel-dohna.de\/index.php?rest_route=\/wp\/v2\/pages"}],"about":[{"href":"http:\/\/www.katzenhotel-dohna.de\/index.php?rest_route=\/wp\/v2\/types\/page"}],"author":[{"embeddable":true,"href":"http:\/\/www.katzenhotel-dohna.de\/index.php?rest_route=\/wp\/v2\/users\/1"}],"replies":[{"embeddable":true,"href":"http:\/\/www.katzenhotel-dohna.de\/index.php?rest_route=%2Fwp%2Fv2%2Fcomments&post=33"}],"version-history":[{"count":19,"href":"http:\/\/www.katzenhotel-dohna.de\/index.php?rest_route=\/wp\/v2\/pages\/33\/revisions"}],"predecessor-version":[{"id":181,"href":"http:\/\/www.katzenhotel-dohna.de\/index.php?rest_route=\/wp\/v2\/pages\/33\/revisions\/181"}],"wp:attachment":[{"href":"http:\/\/www.katzenhotel-dohna.de\/index.php?rest_route=%2Fwp%2Fv2%2Fmedia&parent=33"}],"curies":[{"name":"wp","href":"https:\/\/api.w.org\/{rel}","templated":true}]}}